{"id":260,"date":"2024-12-15T13:23:27","date_gmt":"2024-12-15T13:23:27","guid":{"rendered":"https:\/\/german-hostels.de\/?page_id=260"},"modified":"2024-12-16T10:20:45","modified_gmt":"2024-12-16T10:20:45","slug":"geschichte","status":"publish","type":"page","link":"https:\/\/german-hostels.de\/?page_id=260","title":{"rendered":"Geschichte"},"content":{"rendered":"\t\t<div data-elementor-type=\"wp-page\" data-elementor-id=\"260\" class=\"elementor elementor-260\">\n\t\t\t\t<div class=\"elementor-element elementor-element-a29cb0c e-flex e-con-boxed e-con e-parent\" data-id=\"a29cb0c\" data-element_type=\"container\">\n\t\t\t\t\t<div class=\"e-con-inner\">\n\t\t\t\t<div class=\"elementor-element elementor-element-17de5b7 elementor-widget elementor-widget-heading\" data-id=\"17de5b7\" data-element_type=\"widget\" data-widget_type=\"heading.default\">\n\t\t\t\t<div class=\"elementor-widget-container\">\n\t\t\t\t\t<h2 class=\"elementor-heading-title elementor-size-default\">Eine kleine Geschichte des Netzwerks<\/h2>\t\t\t\t<\/div>\n\t\t\t\t<\/div>\n\t\t\t\t\t<\/div>\n\t\t\t\t<\/div>\n\t\t<div class=\"elementor-element elementor-element-4b682a7 e-con-full e-flex e-con e-parent\" data-id=\"4b682a7\" data-element_type=\"container\">\n\t\t<div class=\"elementor-element elementor-element-0d9eb8a e-con-full e-flex e-con e-child\" data-id=\"0d9eb8a\" data-element_type=\"container\">\n\t\t\t\t<div class=\"elementor-element elementor-element-33e527d elementor-widget__width-initial elementor-widget elementor-widget-text-editor\" data-id=\"33e527d\" data-element_type=\"widget\" data-widget_type=\"text-editor.default\">\n\t\t\t\t<div class=\"elementor-widget-container\">\n\t\t\t\t\t\t\t\t\t<p><strong>Wie alles begann<\/strong><\/p><p>Ende der 1990er Jahre entstanden in Deutschland die ersten unabh\u00e4ngigen Hostels jenseits der alt bekannten Jugendherbergen. Gegr\u00fcndet wurden sie meist von ehemaligen Backpackern, die ihre individuellen Vorstellungen mit viel Enthusiasmus und wenig Erfahrung im Gastgewerbe in die Tat umsetzten. Zu Beginn des neuen Jahrtausends kam die Idee auf, sich zu vernetzen und gegenseitig zu unterst\u00fctzen. Es entstand das Backpacker Network Germany, das seit 2002 ein eingetragener Verein ist. Zu der Zeit waren die j\u00e4hrlichen Vereinsversammlungen nicht nur eine Gelegenheit sich fachlich auszutauschen sondern auch gemeinsam zu feiern. Die N\u00e4chte wurden gelegentlich durch gemacht, die offizielle Vereinssitzung nicht selten mit m\u00fcden Gesichtern und im Zigarettennebel abgehalten. Es gab viel zu diskutieren, meist dar\u00fcber, was ein \u201eechtes\u201c Hostel ausmacht. Mindeststandards wie Mehrbettzimmer und Gemeinschaftsr\u00e4ume wurden fest geschrieben. Und dass ein Hostel, das Mitglied werden wollte, individuell und inhabergef\u00fchrt sein soll.<\/p>\t\t\t\t\t\t\t\t<\/div>\n\t\t\t\t<\/div>\n\t\t\t\t<\/div>\n\t\t<div class=\"elementor-element elementor-element-8814e2d e-con-full e-flex e-con e-child\" data-id=\"8814e2d\" data-element_type=\"container\">\n\t\t\t\t<div class=\"elementor-element elementor-element-7437751 elementor-widget elementor-widget-image\" data-id=\"7437751\" data-element_type=\"widget\" data-widget_type=\"image.default\">\n\t\t\t\t<div class=\"elementor-widget-container\">\n\t\t\t\t\t\t\t\t\t\t\t\t\t\t\t<img fetchpriority=\"high\" decoding=\"async\" width=\"716\" height=\"1024\" src=\"https:\/\/german-hostels.de\/wp-content\/uploads\/2024\/12\/IMG_0011-716x1024.jpg\" class=\"attachment-large size-large wp-image-266\" alt=\"\" srcset=\"https:\/\/german-hostels.de\/wp-content\/uploads\/2024\/12\/IMG_0011-716x1024.jpg 716w, https:\/\/german-hostels.de\/wp-content\/uploads\/2024\/12\/IMG_0011-210x300.jpg 210w, https:\/\/german-hostels.de\/wp-content\/uploads\/2024\/12\/IMG_0011-768x1098.jpg 768w, https:\/\/german-hostels.de\/wp-content\/uploads\/2024\/12\/IMG_0011.jpg 1032w\" sizes=\"(max-width: 716px) 100vw, 716px\" \/>\t\t\t\t\t\t\t\t\t\t\t\t\t\t\t<\/div>\n\t\t\t\t<\/div>\n\t\t\t\t<div class=\"elementor-element elementor-element-d6cd9e9 elementor-widget elementor-widget-image\" data-id=\"d6cd9e9\" data-element_type=\"widget\" data-widget_type=\"image.default\">\n\t\t\t\t<div class=\"elementor-widget-container\">\n\t\t\t\t\t\t\t\t\t\t\t\t\t\t\t<img decoding=\"async\" width=\"430\" height=\"253\" src=\"https:\/\/german-hostels.de\/wp-content\/uploads\/2024\/12\/Gruppe2-e1734267922714.jpg\" class=\"attachment-large size-large wp-image-265\" alt=\"\" srcset=\"https:\/\/german-hostels.de\/wp-content\/uploads\/2024\/12\/Gruppe2-e1734267922714.jpg 430w, https:\/\/german-hostels.de\/wp-content\/uploads\/2024\/12\/Gruppe2-e1734267922714-300x177.jpg 300w\" sizes=\"(max-width: 430px) 100vw, 430px\" \/>\t\t\t\t\t\t\t\t\t\t\t\t\t\t\t<\/div>\n\t\t\t\t<\/div>\n\t\t\t\t<\/div>\n\t\t<div class=\"elementor-element elementor-element-1a9d37a e-con-full e-flex e-con e-child\" data-id=\"1a9d37a\" data-element_type=\"container\">\n\t\t\t\t<div class=\"elementor-element elementor-element-aad01fb elementor-widget elementor-widget-image\" data-id=\"aad01fb\" data-element_type=\"widget\" data-widget_type=\"image.default\">\n\t\t\t\t<div class=\"elementor-widget-container\">\n\t\t\t\t\t\t\t\t\t\t\t\t\t\t\t<img decoding=\"async\" width=\"800\" height=\"562\" src=\"https:\/\/german-hostels.de\/wp-content\/uploads\/2024\/12\/IMG_0030-1024x719.jpg\" class=\"attachment-large size-large wp-image-268\" alt=\"\" srcset=\"https:\/\/german-hostels.de\/wp-content\/uploads\/2024\/12\/IMG_0030-1024x719.jpg 1024w, https:\/\/german-hostels.de\/wp-content\/uploads\/2024\/12\/IMG_0030-300x211.jpg 300w, https:\/\/german-hostels.de\/wp-content\/uploads\/2024\/12\/IMG_0030-768x539.jpg 768w, https:\/\/german-hostels.de\/wp-content\/uploads\/2024\/12\/IMG_0030.jpg 1476w\" sizes=\"(max-width: 800px) 100vw, 800px\" \/>\t\t\t\t\t\t\t\t\t\t\t\t\t\t\t<\/div>\n\t\t\t\t<\/div>\n\t\t\t\t<div class=\"elementor-element elementor-element-b585b1f elementor-widget elementor-widget-image\" data-id=\"b585b1f\" data-element_type=\"widget\" data-widget_type=\"image.default\">\n\t\t\t\t<div class=\"elementor-widget-container\">\n\t\t\t\t\t\t\t\t\t\t\t\t\t\t\t<img loading=\"lazy\" decoding=\"async\" width=\"650\" height=\"488\" src=\"https:\/\/german-hostels.de\/wp-content\/uploads\/2024\/12\/PICT2041.jpg\" class=\"attachment-large size-large wp-image-272\" alt=\"\" srcset=\"https:\/\/german-hostels.de\/wp-content\/uploads\/2024\/12\/PICT2041.jpg 650w, https:\/\/german-hostels.de\/wp-content\/uploads\/2024\/12\/PICT2041-300x225.jpg 300w\" sizes=\"(max-width: 650px) 100vw, 650px\" \/>\t\t\t\t\t\t\t\t\t\t\t\t\t\t\t<\/div>\n\t\t\t\t<\/div>\n\t\t\t\t<\/div>\n\t\t\t\t<\/div>\n\t\t<div class=\"elementor-element elementor-element-88386ab e-con-full e-flex e-con e-parent\" data-id=\"88386ab\" data-element_type=\"container\">\n\t\t<div class=\"elementor-element elementor-element-bb5a9d2 e-con-full e-flex e-con e-child\" data-id=\"bb5a9d2\" data-element_type=\"container\">\n\t\t\t\t<div class=\"elementor-element elementor-element-34fcb13 elementor-widget elementor-widget-image\" data-id=\"34fcb13\" data-element_type=\"widget\" data-widget_type=\"image.default\">\n\t\t\t\t<div class=\"elementor-widget-container\">\n\t\t\t\t\t\t\t\t\t\t\t\t\t\t\t<img loading=\"lazy\" decoding=\"async\" width=\"800\" height=\"534\" src=\"https:\/\/german-hostels.de\/wp-content\/uploads\/2024\/12\/RAW_4233-1024x683.jpg\" class=\"attachment-large size-large wp-image-289\" alt=\"\" srcset=\"https:\/\/german-hostels.de\/wp-content\/uploads\/2024\/12\/RAW_4233-1024x683.jpg 1024w, https:\/\/german-hostels.de\/wp-content\/uploads\/2024\/12\/RAW_4233-300x200.jpg 300w, https:\/\/german-hostels.de\/wp-content\/uploads\/2024\/12\/RAW_4233-768x512.jpg 768w, https:\/\/german-hostels.de\/wp-content\/uploads\/2024\/12\/RAW_4233-1536x1024.jpg 1536w, https:\/\/german-hostels.de\/wp-content\/uploads\/2024\/12\/RAW_4233-2048x1365.jpg 2048w, https:\/\/german-hostels.de\/wp-content\/uploads\/2024\/12\/RAW_4233-scaled-e1734272002503.jpg 2000w\" sizes=\"(max-width: 800px) 100vw, 800px\" \/>\t\t\t\t\t\t\t\t\t\t\t\t\t\t\t<\/div>\n\t\t\t\t<\/div>\n\t\t\t\t<div class=\"elementor-element elementor-element-6d87a56 elementor-widget elementor-widget-image\" data-id=\"6d87a56\" data-element_type=\"widget\" data-widget_type=\"image.default\">\n\t\t\t\t<div class=\"elementor-widget-container\">\n\t\t\t\t\t\t\t\t\t\t\t\t\t\t\t<img loading=\"lazy\" decoding=\"async\" width=\"800\" height=\"450\" src=\"https:\/\/german-hostels.de\/wp-content\/uploads\/2024\/12\/DSC_0084-1024x576.jpg\" class=\"attachment-large size-large wp-image-278\" alt=\"\" srcset=\"https:\/\/german-hostels.de\/wp-content\/uploads\/2024\/12\/DSC_0084-1024x576.jpg 1024w, https:\/\/german-hostels.de\/wp-content\/uploads\/2024\/12\/DSC_0084-300x169.jpg 300w, https:\/\/german-hostels.de\/wp-content\/uploads\/2024\/12\/DSC_0084-768x432.jpg 768w, https:\/\/german-hostels.de\/wp-content\/uploads\/2024\/12\/DSC_0084-1536x864.jpg 1536w, https:\/\/german-hostels.de\/wp-content\/uploads\/2024\/12\/DSC_0084-2048x1152.jpg 2048w\" sizes=\"(max-width: 800px) 100vw, 800px\" \/>\t\t\t\t\t\t\t\t\t\t\t\t\t\t\t<\/div>\n\t\t\t\t<\/div>\n\t\t\t\t<div class=\"elementor-element elementor-element-e136b8b elementor-widget elementor-widget-image\" data-id=\"e136b8b\" data-element_type=\"widget\" data-widget_type=\"image.default\">\n\t\t\t\t<div class=\"elementor-widget-container\">\n\t\t\t\t\t\t\t\t\t\t\t\t\t\t\t<img loading=\"lazy\" decoding=\"async\" width=\"640\" height=\"960\" src=\"https:\/\/german-hostels.de\/wp-content\/uploads\/2024\/12\/10686651_766110696759202_2090278023449840904_n.jpg\" class=\"attachment-large size-large wp-image-280\" alt=\"\" srcset=\"https:\/\/german-hostels.de\/wp-content\/uploads\/2024\/12\/10686651_766110696759202_2090278023449840904_n.jpg 640w, https:\/\/german-hostels.de\/wp-content\/uploads\/2024\/12\/10686651_766110696759202_2090278023449840904_n-200x300.jpg 200w\" sizes=\"(max-width: 640px) 100vw, 640px\" \/>\t\t\t\t\t\t\t\t\t\t\t\t\t\t\t<\/div>\n\t\t\t\t<\/div>\n\t\t\t\t<\/div>\n\t\t<div class=\"elementor-element elementor-element-8d52e96 e-con-full e-flex e-con e-child\" data-id=\"8d52e96\" data-element_type=\"container\">\n\t\t\t\t<div class=\"elementor-element elementor-element-45905e5 elementor-widget elementor-widget-image\" data-id=\"45905e5\" data-element_type=\"widget\" data-widget_type=\"image.default\">\n\t\t\t\t<div class=\"elementor-widget-container\">\n\t\t\t\t\t\t\t\t\t\t\t\t\t\t\t<img loading=\"lazy\" decoding=\"async\" width=\"800\" height=\"534\" src=\"https:\/\/german-hostels.de\/wp-content\/uploads\/2024\/12\/15196041_1172680609435540_1305811985005652691_o-1024x683.jpg\" class=\"attachment-large size-large wp-image-294\" alt=\"\" srcset=\"https:\/\/german-hostels.de\/wp-content\/uploads\/2024\/12\/15196041_1172680609435540_1305811985005652691_o-1024x683.jpg 1024w, https:\/\/german-hostels.de\/wp-content\/uploads\/2024\/12\/15196041_1172680609435540_1305811985005652691_o-300x200.jpg 300w, https:\/\/german-hostels.de\/wp-content\/uploads\/2024\/12\/15196041_1172680609435540_1305811985005652691_o-768x512.jpg 768w, https:\/\/german-hostels.de\/wp-content\/uploads\/2024\/12\/15196041_1172680609435540_1305811985005652691_o.jpg 1296w\" sizes=\"(max-width: 800px) 100vw, 800px\" \/>\t\t\t\t\t\t\t\t\t\t\t\t\t\t\t<\/div>\n\t\t\t\t<\/div>\n\t\t\t\t<div class=\"elementor-element elementor-element-40c9236 elementor-widget elementor-widget-image\" data-id=\"40c9236\" data-element_type=\"widget\" data-widget_type=\"image.default\">\n\t\t\t\t<div class=\"elementor-widget-container\">\n\t\t\t\t\t\t\t\t\t\t\t\t\t\t\t<img loading=\"lazy\" decoding=\"async\" width=\"800\" height=\"534\" src=\"https:\/\/german-hostels.de\/wp-content\/uploads\/2024\/12\/IMG_5703-1024x683.jpg\" class=\"attachment-large size-large wp-image-291\" alt=\"\" srcset=\"https:\/\/german-hostels.de\/wp-content\/uploads\/2024\/12\/IMG_5703-1024x683.jpg 1024w, https:\/\/german-hostels.de\/wp-content\/uploads\/2024\/12\/IMG_5703-300x200.jpg 300w, https:\/\/german-hostels.de\/wp-content\/uploads\/2024\/12\/IMG_5703-768x512.jpg 768w, https:\/\/german-hostels.de\/wp-content\/uploads\/2024\/12\/IMG_5703-1536x1024.jpg 1536w, https:\/\/german-hostels.de\/wp-content\/uploads\/2024\/12\/IMG_5703-2048x1365.jpg 2048w\" sizes=\"(max-width: 800px) 100vw, 800px\" \/>\t\t\t\t\t\t\t\t\t\t\t\t\t\t\t<\/div>\n\t\t\t\t<\/div>\n\t\t\t\t<div class=\"elementor-element elementor-element-49629fc elementor-widget elementor-widget-image\" data-id=\"49629fc\" data-element_type=\"widget\" data-widget_type=\"image.default\">\n\t\t\t\t<div class=\"elementor-widget-container\">\n\t\t\t\t\t\t\t\t\t\t\t\t\t\t\t<img loading=\"lazy\" decoding=\"async\" width=\"800\" height=\"534\" src=\"https:\/\/german-hostels.de\/wp-content\/uploads\/2024\/12\/IMG_5698-1024x683.jpg\" class=\"attachment-large size-large wp-image-290\" alt=\"\" srcset=\"https:\/\/german-hostels.de\/wp-content\/uploads\/2024\/12\/IMG_5698-1024x683.jpg 1024w, https:\/\/german-hostels.de\/wp-content\/uploads\/2024\/12\/IMG_5698-300x200.jpg 300w, https:\/\/german-hostels.de\/wp-content\/uploads\/2024\/12\/IMG_5698-768x512.jpg 768w, https:\/\/german-hostels.de\/wp-content\/uploads\/2024\/12\/IMG_5698-1536x1024.jpg 1536w, https:\/\/german-hostels.de\/wp-content\/uploads\/2024\/12\/IMG_5698-2048x1365.jpg 2048w\" sizes=\"(max-width: 800px) 100vw, 800px\" \/>\t\t\t\t\t\t\t\t\t\t\t\t\t\t\t<\/div>\n\t\t\t\t<\/div>\n\t\t\t\t<div class=\"elementor-element elementor-element-71bc868 elementor-widget elementor-widget-image\" data-id=\"71bc868\" data-element_type=\"widget\" data-widget_type=\"image.default\">\n\t\t\t\t<div class=\"elementor-widget-container\">\n\t\t\t\t\t\t\t\t\t\t\t\t\t\t\t<img loading=\"lazy\" decoding=\"async\" width=\"800\" height=\"533\" src=\"https:\/\/german-hostels.de\/wp-content\/uploads\/2024\/12\/Bremen-2018-1024x682.jpg\" class=\"attachment-large size-large wp-image-292\" alt=\"\" srcset=\"https:\/\/german-hostels.de\/wp-content\/uploads\/2024\/12\/Bremen-2018-1024x682.jpg 1024w, https:\/\/german-hostels.de\/wp-content\/uploads\/2024\/12\/Bremen-2018-300x200.jpg 300w, https:\/\/german-hostels.de\/wp-content\/uploads\/2024\/12\/Bremen-2018-768x512.jpg 768w, https:\/\/german-hostels.de\/wp-content\/uploads\/2024\/12\/Bremen-2018.jpg 1400w\" sizes=\"(max-width: 800px) 100vw, 800px\" \/>\t\t\t\t\t\t\t\t\t\t\t\t\t\t\t<\/div>\n\t\t\t\t<\/div>\n\t\t\t\t<\/div>\n\t\t<div class=\"elementor-element elementor-element-3a73400 e-con-full e-flex e-con e-child\" data-id=\"3a73400\" data-element_type=\"container\">\n\t\t\t\t<\/div>\n\t\t<div class=\"elementor-element elementor-element-74d7dee e-con-full e-flex e-con e-child\" data-id=\"74d7dee\" data-element_type=\"container\">\n\t\t\t\t<div class=\"elementor-element elementor-element-3d7e754 elementor-widget__width-initial elementor-widget elementor-widget-text-editor\" data-id=\"3d7e754\" data-element_type=\"widget\" data-widget_type=\"text-editor.default\">\n\t\t\t\t<div class=\"elementor-widget-container\">\n\t\t\t\t\t\t\t\t\t<p><strong>Die Hochphase<\/strong><\/p><p>Die Gr\u00fcndung des Vereins sorgte u.a. daf\u00fcr, dass Neugr\u00fcnder nun auch eine Anlaufstelle hatten und viel Unterst\u00fctzung bekamen. Mehr und mehr Hostels kamen dazu. Zehn Jahre nach der Gr\u00fcndung z\u00e4hlte der Verein um die 60 Hostels. Der Name Backpacker Network, der eher suggerierte, es handele sich um ein Netzwerk von Backpackern und nicht von Hostels wurde ausgetauscht gegen die international verst\u00e4ndlichen Independent Hostels of Germany. Kooperationen \u00fcber die Landesgrenzen hinaus entstanden. Die Abgrenzung zu Hotelketten, die nun auch das Wort Hostel f\u00fcr das Marketing entdeckt hatten, war eines der gro\u00dfen Themen in dieser Zeit.<\/p><p>Um die unabh\u00e4ngigen Hostels zu st\u00e4rken wurde das Deutsche Hosteltreffen ins Leben gerufen. Der damalige Vorstand investierte viel Zeit und Energie in die Ausrichtung der Treffen. Auch die Homepage ver\u00e4nderte sich von einer Anlaufstelle f\u00fcr Hostelbetreiber zu einer Seite f\u00fcr den Gast. Hostels wurden gelistet und ein Buchungstool eingerichtet, um eine Alternative zu den provisionspflichtigen Buchungsplattformen zu schaffen.<\/p>\t\t\t\t\t\t\t\t<\/div>\n\t\t\t\t<\/div>\n\t\t<div class=\"elementor-element elementor-element-cd5b67d e-con-full e-flex e-con e-child\" data-id=\"cd5b67d\" data-element_type=\"container\">\n\t\t\t\t<div class=\"elementor-element elementor-element-b1d5d55 elementor-widget elementor-widget-image\" data-id=\"b1d5d55\" data-element_type=\"widget\" data-widget_type=\"image.default\">\n\t\t\t\t<div class=\"elementor-widget-container\">\n\t\t\t\t\t\t\t\t\t\t\t\t\t\t\t<img loading=\"lazy\" decoding=\"async\" width=\"800\" height=\"534\" src=\"https:\/\/german-hostels.de\/wp-content\/uploads\/2024\/12\/Gruppenfoto-1024x683.jpg\" class=\"attachment-large size-large wp-image-288\" alt=\"\" srcset=\"https:\/\/german-hostels.de\/wp-content\/uploads\/2024\/12\/Gruppenfoto-1024x683.jpg 1024w, https:\/\/german-hostels.de\/wp-content\/uploads\/2024\/12\/Gruppenfoto-300x200.jpg 300w, https:\/\/german-hostels.de\/wp-content\/uploads\/2024\/12\/Gruppenfoto-768x512.jpg 768w, https:\/\/german-hostels.de\/wp-content\/uploads\/2024\/12\/Gruppenfoto-1536x1025.jpg 1536w, https:\/\/german-hostels.de\/wp-content\/uploads\/2024\/12\/Gruppenfoto.jpg 2048w\" sizes=\"(max-width: 800px) 100vw, 800px\" \/>\t\t\t\t\t\t\t\t\t\t\t\t\t\t\t<\/div>\n\t\t\t\t<\/div>\n\t\t\t\t<\/div>\n\t\t\t\t<\/div>\n\t\t\t\t<\/div>\n\t\t<div class=\"elementor-element elementor-element-14710e5 e-con-full e-flex e-con e-parent\" data-id=\"14710e5\" data-element_type=\"container\">\n\t\t\t\t<div class=\"elementor-element elementor-element-dfb35cc elementor-widget elementor-widget-heading\" data-id=\"dfb35cc\" data-element_type=\"widget\" data-widget_type=\"heading.default\">\n\t\t\t\t<div class=\"elementor-widget-container\">\n\t\t\t\t\t<h4 class=\"elementor-heading-title elementor-size-default\">Und dann reiste Anfang 2020 statt Backpackern ein Virus um die Welt....<\/h4>\t\t\t\t<\/div>\n\t\t\t\t<\/div>\n\t\t\t\t<\/div>\n\t\t<div class=\"elementor-element elementor-element-e273e7a e-flex e-con-boxed e-con e-parent\" data-id=\"e273e7a\" data-element_type=\"container\">\n\t\t\t\t\t<div class=\"e-con-inner\">\n\t\t\t\t<div class=\"elementor-element elementor-element-65373d6 elementor-widget__width-initial elementor-widget elementor-widget-text-editor\" data-id=\"65373d6\" data-element_type=\"widget\" data-widget_type=\"text-editor.default\">\n\t\t\t\t<div class=\"elementor-widget-container\">\n\t\t\t\t\t\t\t\t\t<p><strong>Auf ein Neues<\/strong><\/p><p>Zwei Jahre mit Lockdowns und anderen Ma\u00dfnahmen haben Spuren hinterlassen. Alles, was ein Hostel ausmachte \u2013 Begegnung, Austausch, das Miteinander \u2013 war kaum m\u00f6glich. Das Deutsche Hosteltreffen konnte nicht mehr statt finden. Unser Novembertreffen fand in kleiner Runde 2021 in Hamburg statt. Und die Erkenntnis machte sich breit, dass auch bei uns sich viel ge\u00e4ndert hatte.<\/p><p>Unser Verein hat seither einige Mitglieder verloren. Doch w\u00e4hrend dieser Zeit wurde einmal mehr deutlich, dass der Austausch untereinander das wichtigste Gut ist, das wir haben. Die gegenseitige Hilfe und moralische Unterst\u00fctzung waren und sind unbezahlbar. Ein Deutsches Hosteltreffen wie vor 2020 ist erst einmal in weite Ferne ger\u00fcckt. Statt dessen haben wir den Fokus nun erst mal wieder auf den gegenseitigen Austausch und das Miteinander gelegt. Wie in den Anfangsjahren m\u00f6chten wir gerne den Kreis der Mitgliedshostels erweitern, bestehende Hostels von der gemeinsamen Sache \u00fcberzeugen und Existenzgr\u00fcndern eine Anlaufstelle bieten, damit die Hostelkultur auch in Deutschland eine Zukunft hat.<\/p>\t\t\t\t\t\t\t\t<\/div>\n\t\t\t\t<\/div>\n\t\t\t\t\t<\/div>\n\t\t\t\t<\/div>\n\t\t<div class=\"elementor-element elementor-element-11aaca2 e-flex e-con-boxed e-con e-parent\" data-id=\"11aaca2\" data-element_type=\"container\">\n\t\t\t\t\t<div class=\"e-con-inner\">\n\t\t<div class=\"elementor-element elementor-element-e402f81 e-con-full e-flex e-con e-child\" data-id=\"e402f81\" data-element_type=\"container\">\n\t\t\t\t<div class=\"elementor-element elementor-element-fbbacf2 elementor-widget elementor-widget-image\" data-id=\"fbbacf2\" data-element_type=\"widget\" data-widget_type=\"image.default\">\n\t\t\t\t<div class=\"elementor-widget-container\">\n\t\t\t\t\t\t\t\t\t\t\t\t\t\t\t<img loading=\"lazy\" decoding=\"async\" width=\"800\" height=\"600\" src=\"https:\/\/german-hostels.de\/wp-content\/uploads\/2024\/12\/20231101_123119-1024x768.jpg\" class=\"attachment-large size-large wp-image-318\" alt=\"\" srcset=\"https:\/\/german-hostels.de\/wp-content\/uploads\/2024\/12\/20231101_123119-1024x768.jpg 1024w, https:\/\/german-hostels.de\/wp-content\/uploads\/2024\/12\/20231101_123119-300x225.jpg 300w, https:\/\/german-hostels.de\/wp-content\/uploads\/2024\/12\/20231101_123119-768x576.jpg 768w, https:\/\/german-hostels.de\/wp-content\/uploads\/2024\/12\/20231101_123119-1536x1152.jpg 1536w, https:\/\/german-hostels.de\/wp-content\/uploads\/2024\/12\/20231101_123119-2048x1536.jpg 2048w\" sizes=\"(max-width: 800px) 100vw, 800px\" \/>\t\t\t\t\t\t\t\t\t\t\t\t\t\t\t<\/div>\n\t\t\t\t<\/div>\n\t\t\t\t<\/div>\n\t\t<div class=\"elementor-element elementor-element-a56f649 e-con-full e-flex e-con e-child\" data-id=\"a56f649\" data-element_type=\"container\">\n\t\t\t\t<div class=\"elementor-element elementor-element-e49b096 elementor-widget elementor-widget-image\" data-id=\"e49b096\" data-element_type=\"widget\" data-widget_type=\"image.default\">\n\t\t\t\t<div class=\"elementor-widget-container\">\n\t\t\t\t\t\t\t\t\t\t\t\t\t\t\t<img loading=\"lazy\" decoding=\"async\" width=\"800\" height=\"600\" src=\"https:\/\/german-hostels.de\/wp-content\/uploads\/2024\/12\/20231103_134959-1024x768.jpg\" class=\"attachment-large size-large wp-image-319\" alt=\"\" srcset=\"https:\/\/german-hostels.de\/wp-content\/uploads\/2024\/12\/20231103_134959-1024x768.jpg 1024w, https:\/\/german-hostels.de\/wp-content\/uploads\/2024\/12\/20231103_134959-300x225.jpg 300w, https:\/\/german-hostels.de\/wp-content\/uploads\/2024\/12\/20231103_134959-768x576.jpg 768w, https:\/\/german-hostels.de\/wp-content\/uploads\/2024\/12\/20231103_134959-1536x1152.jpg 1536w, https:\/\/german-hostels.de\/wp-content\/uploads\/2024\/12\/20231103_134959-2048x1536.jpg 2048w\" sizes=\"(max-width: 800px) 100vw, 800px\" \/>\t\t\t\t\t\t\t\t\t\t\t\t\t\t\t<\/div>\n\t\t\t\t<\/div>\n\t\t\t\t<\/div>\n\t\t<div class=\"elementor-element elementor-element-895c127 e-con-full e-flex e-con e-child\" data-id=\"895c127\" data-element_type=\"container\">\n\t\t\t\t<div class=\"elementor-element elementor-element-18ed0bc elementor-widget elementor-widget-image\" data-id=\"18ed0bc\" data-element_type=\"widget\" data-widget_type=\"image.default\">\n\t\t\t\t<div class=\"elementor-widget-container\">\n\t\t\t\t\t\t\t\t\t\t\t\t\t\t\t<img loading=\"lazy\" decoding=\"async\" width=\"800\" height=\"600\" src=\"https:\/\/german-hostels.de\/wp-content\/uploads\/2024\/12\/20231103_205357-1024x768.jpg\" class=\"attachment-large size-large wp-image-320\" alt=\"\" srcset=\"https:\/\/german-hostels.de\/wp-content\/uploads\/2024\/12\/20231103_205357-1024x768.jpg 1024w, https:\/\/german-hostels.de\/wp-content\/uploads\/2024\/12\/20231103_205357-300x225.jpg 300w, https:\/\/german-hostels.de\/wp-content\/uploads\/2024\/12\/20231103_205357-768x576.jpg 768w, https:\/\/german-hostels.de\/wp-content\/uploads\/2024\/12\/20231103_205357-1536x1152.jpg 1536w, https:\/\/german-hostels.de\/wp-content\/uploads\/2024\/12\/20231103_205357-2048x1536.jpg 2048w\" sizes=\"(max-width: 800px) 100vw, 800px\" \/>\t\t\t\t\t\t\t\t\t\t\t\t\t\t\t<\/div>\n\t\t\t\t<\/div>\n\t\t\t\t<\/div>\n\t\t<div class=\"elementor-element elementor-element-2e39769 e-con-full e-flex e-con e-child\" data-id=\"2e39769\" data-element_type=\"container\">\n\t\t\t\t<div class=\"elementor-element elementor-element-f0e8914 elementor-widget elementor-widget-image\" data-id=\"f0e8914\" data-element_type=\"widget\" data-widget_type=\"image.default\">\n\t\t\t\t<div class=\"elementor-widget-container\">\n\t\t\t\t\t\t\t\t\t\t\t\t\t\t\t<img loading=\"lazy\" decoding=\"async\" width=\"800\" height=\"600\" src=\"https:\/\/german-hostels.de\/wp-content\/uploads\/2024\/12\/20231104_155511-1024x768.jpg\" class=\"attachment-large size-large wp-image-321\" alt=\"\" srcset=\"https:\/\/german-hostels.de\/wp-content\/uploads\/2024\/12\/20231104_155511-1024x768.jpg 1024w, https:\/\/german-hostels.de\/wp-content\/uploads\/2024\/12\/20231104_155511-300x225.jpg 300w, https:\/\/german-hostels.de\/wp-content\/uploads\/2024\/12\/20231104_155511-768x576.jpg 768w, https:\/\/german-hostels.de\/wp-content\/uploads\/2024\/12\/20231104_155511-1536x1152.jpg 1536w, https:\/\/german-hostels.de\/wp-content\/uploads\/2024\/12\/20231104_155511-2048x1536.jpg 2048w\" sizes=\"(max-width: 800px) 100vw, 800px\" \/>\t\t\t\t\t\t\t\t\t\t\t\t\t\t\t<\/div>\n\t\t\t\t<\/div>\n\t\t\t\t<\/div>\n\t\t\t\t\t<\/div>\n\t\t\t\t<\/div>\n\t\t\t\t<\/div>\n\t\t","protected":false},"excerpt":{"rendered":"<p>Eine kleine Geschichte des Netzwerks Wie alles begann Ende der 1990er Jahre entstanden in Deutschland die ersten unabh\u00e4ngigen Hostels jenseits der alt bekannten Jugendherbergen. Gegr\u00fcndet wurden sie meist von ehemaligen Backpackern, die ihre individuellen Vorstellungen mit viel Enthusiasmus und wenig Erfahrung im Gastgewerbe in die Tat umsetzten. Zu Beginn des neuen Jahrtausends kam die Idee [&hellip;]<\/p>\n","protected":false},"author":1,"featured_media":0,"parent":0,"menu_order":0,"comment_status":"closed","ping_status":"closed","template":"elementor_canvas","meta":{"footnotes":""},"class_list":["post-260","page","type-page","status-publish","hentry"],"_links":{"self":[{"href":"https:\/\/german-hostels.de\/index.php?rest_route=\/wp\/v2\/pages\/260","targetHints":{"allow":["GET"]}}],"collection":[{"href":"https:\/\/german-hostels.de\/index.php?rest_route=\/wp\/v2\/pages"}],"about":[{"href":"https:\/\/german-hostels.de\/index.php?rest_route=\/wp\/v2\/types\/page"}],"author":[{"embeddable":true,"href":"https:\/\/german-hostels.de\/index.php?rest_route=\/wp\/v2\/users\/1"}],"replies":[{"embeddable":true,"href":"https:\/\/german-hostels.de\/index.php?rest_route=%2Fwp%2Fv2%2Fcomments&post=260"}],"version-history":[{"count":13,"href":"https:\/\/german-hostels.de\/index.php?rest_route=\/wp\/v2\/pages\/260\/revisions"}],"predecessor-version":[{"id":330,"href":"https:\/\/german-hostels.de\/index.php?rest_route=\/wp\/v2\/pages\/260\/revisions\/330"}],"wp:attachment":[{"href":"https:\/\/german-hostels.de\/index.php?rest_route=%2Fwp%2Fv2%2Fmedia&parent=260"}],"curies":[{"name":"wp","href":"https:\/\/api.w.org\/{rel}","templated":true}]}}