{"id":299,"date":"2024-12-15T16:17:22","date_gmt":"2024-12-15T16:17:22","guid":{"rendered":"https:\/\/german-hostels.de\/?page_id=299"},"modified":"2024-12-16T10:18:34","modified_gmt":"2024-12-16T10:18:34","slug":"mitglied-werden","status":"publish","type":"page","link":"https:\/\/german-hostels.de\/?page_id=299","title":{"rendered":"Mitglied werden"},"content":{"rendered":"\t\t<div data-elementor-type=\"wp-page\" data-elementor-id=\"299\" class=\"elementor elementor-299\">\n\t\t\t\t<div class=\"elementor-element elementor-element-5a77e6f e-flex e-con-boxed e-con e-parent\" data-id=\"5a77e6f\" data-element_type=\"container\">\n\t\t\t\t\t<div class=\"e-con-inner\">\n\t\t\t\t<div class=\"elementor-element elementor-element-dd9eb6d elementor-widget elementor-widget-heading\" data-id=\"dd9eb6d\" data-element_type=\"widget\" data-widget_type=\"heading.default\">\n\t\t\t\t<div class=\"elementor-widget-container\">\n\t\t\t\t\t<h2 class=\"elementor-heading-title elementor-size-default\">Mitmachen!<\/h2>\t\t\t\t<\/div>\n\t\t\t\t<\/div>\n\t\t\t\t\t<\/div>\n\t\t\t\t<\/div>\n\t\t<div class=\"elementor-element elementor-element-99a142c e-flex e-con-boxed e-con e-parent\" data-id=\"99a142c\" data-element_type=\"container\">\n\t\t\t\t\t<div class=\"e-con-inner\">\n\t\t<div class=\"elementor-element elementor-element-d126a4f e-con-full e-flex e-con e-child\" data-id=\"d126a4f\" data-element_type=\"container\">\n\t\t\t\t<div class=\"elementor-element elementor-element-467c112 elementor-widget__width-initial elementor-widget elementor-widget-text-editor\" data-id=\"467c112\" data-element_type=\"widget\" data-widget_type=\"text-editor.default\">\n\t\t\t\t<div class=\"elementor-widget-container\">\n\t\t\t\t\t\t\t\t\t<p>Ihr habt ein Hostel und sucht Gleichgesinnte zum Austausch? Dann seid Ihr hier richtig.<\/p><p>Wir sind eine bunt zusammengew\u00fcrfelte Gruppe, zum Teil seit den Anf\u00e4ngen des Hostelnetzwerks dabei, zum Teil erst neu dazu gekommen. Den Mitgliedsbeitrag haben wir pauschal auf 100 EUR\/ Jahr neu festgelegt. Die Idee dahinter ist, dass dieser Betrag auch dem kleinsten Hostel nicht weh tut und wir so die Hemmschwelle senken, uns ganz unverbindlich kennen zu lernen.<\/p><p>Unsere Vereinstreffen sind f\u00fcr viele das Highlight des Hosteljahres, man tauscht sich aus, lernt die Hostels, die St\u00e4dte und einander kennen. Der jeweilige Gastgeber stellt ein kleines Programm den eigenen Vorlieben entsprechend zusammen. Ein gemeinsamer Ausflug am Tag vor der offiziellen Vereinsversammlung hat das Deutsche Hosteltreffen abgel\u00f6st, so dass eine Reise sich auf jeden Fall lohnt. Und gefeiert wird auch immer noch \ud83d\ude42<\/p><p>Ihr habt noch kein Hostel, h\u00e4ttet aber gerne eins? Wir helfen Euch gerne weiter. Ein Besuch bei unseren j\u00e4hrlichen Treffen ist auch ohne eigenes Hostel m\u00f6glich. Viele von uns haben sich hier noch vor der Gr\u00fcndung Anregungen und Motivation abgeholt. Denn f\u00fcr uns ist nach wie vor ein Hostel die sch\u00f6nste Art zu \u00fcbernachten und je mehr es von uns gibt, desto besser &#8211; f\u00fcr uns und f\u00fcr alle Reisenden!<\/p><p>F\u00fcr weitere Informationen zur Mitgliedschaft oder zur Existenzgr\u00fcndung wendet Euch einfach an den Vorstand unter <a href=\"mailto:office@german-hostels.de\">office@german-hostels.de<\/a>.<\/p>\t\t\t\t\t\t\t\t<\/div>\n\t\t\t\t<\/div>\n\t\t\t\t<\/div>\n\t\t<div class=\"elementor-element elementor-element-8e17f1a e-con-full e-flex e-con e-child\" data-id=\"8e17f1a\" data-element_type=\"container\">\n\t\t\t\t<div class=\"elementor-element elementor-element-98c8bae elementor-widget elementor-widget-image\" data-id=\"98c8bae\" data-element_type=\"widget\" data-widget_type=\"image.default\">\n\t\t\t\t<div class=\"elementor-widget-container\">\n\t\t\t\t\t\t\t\t\t\t\t\t\t\t\t<img decoding=\"async\" width=\"150\" height=\"133\" src=\"https:\/\/german-hostels.de\/wp-content\/uploads\/2024\/12\/BPN-Logo-RGB-Green-150px.png\" class=\"attachment-full size-full wp-image-301\" alt=\"\" \/>\t\t\t\t\t\t\t\t\t\t\t\t\t\t\t<\/div>\n\t\t\t\t<\/div>\n\t\t\t\t<\/div>\n\t\t\t\t\t<\/div>\n\t\t\t\t<\/div>\n\t\t\t\t<\/div>\n\t\t","protected":false},"excerpt":{"rendered":"<p>Mitmachen! Ihr habt ein Hostel und sucht Gleichgesinnte zum Austausch? Dann seid Ihr hier richtig. Wir sind eine bunt zusammengew\u00fcrfelte Gruppe, zum Teil seit den Anf\u00e4ngen des Hostelnetzwerks dabei, zum Teil erst neu dazu gekommen. Den Mitgliedsbeitrag haben wir pauschal auf 100 EUR\/ Jahr neu festgelegt. Die Idee dahinter ist, dass dieser Betrag auch dem [&hellip;]<\/p>\n","protected":false},"author":1,"featured_media":0,"parent":0,"menu_order":0,"comment_status":"closed","ping_status":"closed","template":"elementor_canvas","meta":{"footnotes":""},"class_list":["post-299","page","type-page","status-publish","hentry"],"_links":{"self":[{"href":"https:\/\/german-hostels.de\/index.php?rest_route=\/wp\/v2\/pages\/299","targetHints":{"allow":["GET"]}}],"collection":[{"href":"https:\/\/german-hostels.de\/index.php?rest_route=\/wp\/v2\/pages"}],"about":[{"href":"https:\/\/german-hostels.de\/index.php?rest_route=\/wp\/v2\/types\/page"}],"author":[{"embeddable":true,"href":"https:\/\/german-hostels.de\/index.php?rest_route=\/wp\/v2\/users\/1"}],"replies":[{"embeddable":true,"href":"https:\/\/german-hostels.de\/index.php?rest_route=%2Fwp%2Fv2%2Fcomments&post=299"}],"version-history":[{"count":7,"href":"https:\/\/german-hostels.de\/index.php?rest_route=\/wp\/v2\/pages\/299\/revisions"}],"predecessor-version":[{"id":327,"href":"https:\/\/german-hostels.de\/index.php?rest_route=\/wp\/v2\/pages\/299\/revisions\/327"}],"wp:attachment":[{"href":"https:\/\/german-hostels.de\/index.php?rest_route=%2Fwp%2Fv2%2Fmedia&parent=299"}],"curies":[{"name":"wp","href":"https:\/\/api.w.org\/{rel}","templated":true}]}}